{"id":43746,"date":"2024-04-09T10:36:55","date_gmt":"2024-04-09T07:36:55","guid":{"rendered":"https:\/\/opit.kuljettaja.fi\/verkkokauppa\/"},"modified":"2024-04-12T09:29:48","modified_gmt":"2024-04-12T06:29:48","slug":"verkkokauppa","status":"publish","type":"page","link":"https:\/\/opit.kuljettaja.fi\/sv\/verkkokauppa\/","title":{"rendered":"Verkkokauppa"},"content":{"rendered":"\n<p class=\"has-medium-font-size\"><strong>Se till att du klarar teoriprovet. Tr\u00e4na med \u00f6vningsprov som har liknande struktur och inneh\u00e5ll med Ajovarmas teoriprov. Detta kan du g\u00f6ra p\u00e5 mobiltelefon, surfplatta eller dator.<\/strong><\/p>\n\n\n<div data-block-name=\"woocommerce\/product-category\" data-content-visibility=\"{&quot;image&quot;:true,&quot;title&quot;:true,&quot;price&quot;:false,&quot;rating&quot;:true,&quot;button&quot;:false}\" data-categories=\"[1115]\" data-orderby=\"menu_order\" class=\"wc-block-grid wp-block-product-category wc-block-product-category has-3-columns has-multiple-rows\"><ul class=\"wc-block-grid__products\"><li class=\"wc-block-grid__product\">\n\t\t\t\t<a href=\"https:\/\/opit.kuljettaja.fi\/sv\/tuote\/luokka-a2\/\" class=\"wc-block-grid__product-link\">\n\t\t\t\t\t\n\t\t\t\t\t<div class=\"wc-block-grid__product-image\"><img loading=\"lazy\" decoding=\"async\" width=\"300\" height=\"169\" src=\"https:\/\/opit.kuljettaja.fi\/wp-content\/uploads\/2024\/05\/15135947\/a1-a2-a-300x169.png\" class=\"attachment-woocommerce_thumbnail size-woocommerce_thumbnail\" alt=\"LUOKKA A1,A2,A\" \/><\/div>\n\t\t\t\t\t<div class=\"wc-block-grid__product-title\">LUOKKA A1,A2,A<\/div>\n\t\t\t\t<\/a>\n\t\t\t\t\n\t\t\t\t\n\t\t\t\t\n\t\t\t<\/li><li class=\"wc-block-grid__product\">\n\t\t\t\t<a href=\"https:\/\/opit.kuljettaja.fi\/sv\/tuote\/luokka-c1\/\" class=\"wc-block-grid__product-link\">\n\t\t\t\t\t\n\t\t\t\t\t<div class=\"wc-block-grid__product-image\"><img loading=\"lazy\" decoding=\"async\" width=\"300\" height=\"169\" src=\"https:\/\/opit.kuljettaja.fi\/wp-content\/uploads\/2024\/05\/15150637\/C1-luokka-300x169.png\" class=\"attachment-woocommerce_thumbnail size-woocommerce_thumbnail\" alt=\"KLASS C1\" \/><\/div>\n\t\t\t\t\t<div class=\"wc-block-grid__product-title\">KLASS C1<\/div>\n\t\t\t\t<\/a>\n\t\t\t\t\n\t\t\t\t\n\t\t\t\t\n\t\t\t<\/li><li class=\"wc-block-grid__product\">\n\t\t\t\t<a href=\"https:\/\/opit.kuljettaja.fi\/sv\/tuote\/luokka-c1e\/\" class=\"wc-block-grid__product-link\">\n\t\t\t\t\t\n\t\t\t\t\t<div class=\"wc-block-grid__product-image\"><img loading=\"lazy\" decoding=\"async\" width=\"300\" height=\"169\" src=\"https:\/\/opit.kuljettaja.fi\/wp-content\/uploads\/2024\/05\/15150633\/C1E-luokka-300x169.png\" class=\"attachment-woocommerce_thumbnail size-woocommerce_thumbnail\" alt=\"KLASS C1E\" \/><\/div>\n\t\t\t\t\t<div class=\"wc-block-grid__product-title\">KLASS C1E<\/div>\n\t\t\t\t<\/a>\n\t\t\t\t\n\t\t\t\t\n\t\t\t\t\n\t\t\t<\/li><li class=\"wc-block-grid__product\">\n\t\t\t\t<a href=\"https:\/\/opit.kuljettaja.fi\/sv\/tuote\/luokka-c\/\" class=\"wc-block-grid__product-link\">\n\t\t\t\t\t\n\t\t\t\t\t<div class=\"wc-block-grid__product-image\"><img loading=\"lazy\" decoding=\"async\" width=\"300\" height=\"169\" src=\"https:\/\/opit.kuljettaja.fi\/wp-content\/uploads\/2024\/05\/15150644\/C-luokka-300x169.png\" class=\"attachment-woocommerce_thumbnail size-woocommerce_thumbnail\" alt=\"KLASS C\" \/><\/div>\n\t\t\t\t\t<div class=\"wc-block-grid__product-title\">KLASS C<\/div>\n\t\t\t\t<\/a>\n\t\t\t\t\n\t\t\t\t\n\t\t\t\t\n\t\t\t<\/li><li class=\"wc-block-grid__product\">\n\t\t\t\t<a href=\"https:\/\/opit.kuljettaja.fi\/sv\/tuote\/luokka-ce\/\" class=\"wc-block-grid__product-link\">\n\t\t\t\t\t\n\t\t\t\t\t<div class=\"wc-block-grid__product-image\"><img loading=\"lazy\" decoding=\"async\" width=\"300\" height=\"169\" src=\"https:\/\/opit.kuljettaja.fi\/wp-content\/uploads\/2024\/05\/15150641\/CE-luokka-300x169.png\" class=\"attachment-woocommerce_thumbnail size-woocommerce_thumbnail\" alt=\"KLASS CE\" \/><\/div>\n\t\t\t\t\t<div class=\"wc-block-grid__product-title\">KLASS CE<\/div>\n\t\t\t\t<\/a>\n\t\t\t\t\n\t\t\t\t\n\t\t\t\t\n\t\t\t<\/li><li class=\"wc-block-grid__product\">\n\t\t\t\t<a href=\"https:\/\/opit.kuljettaja.fi\/sv\/tuote\/luokka-d\/\" class=\"wc-block-grid__product-link\">\n\t\t\t\t\t\n\t\t\t\t\t<div class=\"wc-block-grid__product-image\"><img loading=\"lazy\" decoding=\"async\" width=\"300\" height=\"169\" src=\"https:\/\/opit.kuljettaja.fi\/wp-content\/uploads\/2024\/05\/15150647\/D-luokka-300x169.png\" class=\"attachment-woocommerce_thumbnail size-woocommerce_thumbnail\" alt=\"KLASS D\" \/><\/div>\n\t\t\t\t\t<div class=\"wc-block-grid__product-title\">KLASS D<\/div>\n\t\t\t\t<\/a>\n\t\t\t\t\n\t\t\t\t\n\t\t\t\t\n\t\t\t<\/li><\/ul><\/div>","protected":false},"excerpt":{"rendered":"<p>Se till att du klarar teoriprovet. Tr\u00e4na med \u00f6vningsprov som har liknande struktur och inneh\u00e5ll med Ajovarmas teoriprov. Detta kan du g\u00f6ra p\u00e5 mobiltelefon, surfplatta eller dator.<\/p>\n","protected":false},"author":1,"featured_media":0,"parent":0,"menu_order":0,"comment_status":"closed","ping_status":"closed","template":"","meta":{"om_disable_all_campaigns":false,"footnotes":""},"aioseo_notices":[],"jetpack_sharing_enabled":true,"_links":{"self":[{"href":"https:\/\/opit.kuljettaja.fi\/sv\/wp-json\/wp\/v2\/pages\/43746"}],"collection":[{"href":"https:\/\/opit.kuljettaja.fi\/sv\/wp-json\/wp\/v2\/pages"}],"about":[{"href":"https:\/\/opit.kuljettaja.fi\/sv\/wp-json\/wp\/v2\/types\/page"}],"author":[{"embeddable":true,"href":"https:\/\/opit.kuljettaja.fi\/sv\/wp-json\/wp\/v2\/users\/1"}],"replies":[{"embeddable":true,"href":"https:\/\/opit.kuljettaja.fi\/sv\/wp-json\/wp\/v2\/comments?post=43746"}],"version-history":[{"count":1,"href":"https:\/\/opit.kuljettaja.fi\/sv\/wp-json\/wp\/v2\/pages\/43746\/revisions"}],"predecessor-version":[{"id":43748,"href":"https:\/\/opit.kuljettaja.fi\/sv\/wp-json\/wp\/v2\/pages\/43746\/revisions\/43748"}],"wp:attachment":[{"href":"https:\/\/opit.kuljettaja.fi\/sv\/wp-json\/wp\/v2\/media?parent=43746"}],"curies":[{"name":"wp","href":"https:\/\/api.w.org\/{rel}","templated":true}]}}