{"id":40245,"date":"2023-06-21T14:40:11","date_gmt":"2023-06-21T11:40:11","guid":{"rendered":"https:\/\/opit.kuljettaja.fi\/tuote\/luokka-a2\/"},"modified":"2024-03-20T09:02:17","modified_gmt":"2024-03-20T07:02:17","slug":"luokka-a2","status":"publish","type":"product","link":"https:\/\/opit.kuljettaja.fi\/sv\/tuote\/luokka-a2\/","title":{"rendered":"LUOKKA A1,A2,A"},"content":{"rendered":"<h1><!--block-->Tervetuloa ajokorttiluokan A1,A2,A teoriakoeharjoituksiin!<\/h1>\n<div><!--block--><br \/>\nHarjoitusten tavoitteena on kerrata ja syvent\u00e4\u00e4 teoriaopetuksessa oppimaasi ja siten auttaa Sinua l\u00e4p\u00e4isem\u00e4\u00e4n Ajovarmalla suoritettava teoriakoe. Saat siihen hyv\u00e4t valmiudet harjoittelemalla rakenteeltaan ja sis\u00e4ll\u00f6lt\u00e4\u00e4n vastaavilla harjoitusteoriakokeilla. Voit my\u00f6s harjoitella erikseen harjoitusteoriakokeen sis\u00e4lt\u00e4mi\u00e4 luokkakohtaisia monivalintakysymyksi\u00e4 tai kuvakysymyksi\u00e4 liikennetilanteista. Kaikki harjoitukset toimivat puhelimella, tabletilla ja tietokoneella.<\/div>\n<div><!--block-->Valitse ensin harjoitustyyppi. Sen j\u00e4lkeen saat valitsemaasi harjoitusta koskevat tarkemmat ohjeet.<\/div>\n<div><\/div>\n<div><a title=\"DEMO\" href=\"https:\/\/opit.kuljettaja.fi\/sv\/lessons\/demo\/\" target=\"_blank\" rel=\"noopener\">KLIKKAA T\u00c4ST\u00c4 KOKEILLAKSESI MILT\u00c4 HARJOITUKSET N\u00c4YTT\u00c4V\u00c4T.<\/a><\/div>\n","protected":false},"excerpt":{"rendered":"<p>Luokka A1,A2,A teoriaharjoituskokeet<br \/>\nHUOM! T\u00e4m\u00e4n luokan harjoitukset ovat toistaiseksi saatavilla vain suomen kielell\u00e4.<\/p>\n","protected":false},"featured_media":44989,"template":"","meta":{"om_disable_all_campaigns":false},"product_cat":[1115],"product_tag":[],"aioseo_notices":[],"jetpack_sharing_enabled":true,"_links":{"self":[{"href":"https:\/\/opit.kuljettaja.fi\/sv\/wp-json\/wp\/v2\/product\/40245"}],"collection":[{"href":"https:\/\/opit.kuljettaja.fi\/sv\/wp-json\/wp\/v2\/product"}],"about":[{"href":"https:\/\/opit.kuljettaja.fi\/sv\/wp-json\/wp\/v2\/types\/product"}],"wp:featuredmedia":[{"embeddable":true,"href":"https:\/\/opit.kuljettaja.fi\/sv\/wp-json\/wp\/v2\/media\/44989"}],"wp:attachment":[{"href":"https:\/\/opit.kuljettaja.fi\/sv\/wp-json\/wp\/v2\/media?parent=40245"}],"wp:term":[{"taxonomy":"product_cat","embeddable":true,"href":"https:\/\/opit.kuljettaja.fi\/sv\/wp-json\/wp\/v2\/product_cat?post=40245"},{"taxonomy":"product_tag","embeddable":true,"href":"https:\/\/opit.kuljettaja.fi\/sv\/wp-json\/wp\/v2\/product_tag?post=40245"}],"curies":[{"name":"wp","href":"https:\/\/api.w.org\/{rel}","templated":true}]}}