{"id":40271,"date":"2023-02-17T10:50:24","date_gmt":"2023-02-17T08:50:24","guid":{"rendered":"https:\/\/opit.kuljettaja.fi\/tuote\/luokka-c\/"},"modified":"2023-09-27T15:50:25","modified_gmt":"2023-09-27T12:50:25","slug":"luokka-c","status":"publish","type":"product","link":"https:\/\/opit.kuljettaja.fi\/sv\/tuote\/luokka-c\/","title":{"rendered":"KLASS C"},"content":{"rendered":"\r\n<h1 class=\"wp-block-heading\">V\u00e4lkommen till teoriprovs\u00f6vningarna f\u00f6r k\u00f6rkortskategori C!<\/h1>\r\n<div>Syftet med \u00f6vningarna \u00e4r att repetera och f\u00f6rdjupa det som du l\u00e4rt dig i teoriundervisningen och p\u00e5 s\u00e5 s\u00e4tt hj\u00e4lpa Dig att bli godk\u00e4nd i det teoriprov som avl\u00e4ggs p\u00e5 Ajovarma. Du f\u00e5r goda f\u00e4rdigheter f\u00f6r det genom att \u00f6va med \u00f6vningsteoriprovet med motsvarande uppbyggnad och inneh\u00e5ll. Du kan ocks\u00e5 \u00f6va separat de flervalsfr\u00e5gor f\u00f6r de olika kategorierna som ing\u00e5r i \u00f6vningsteoriprovet eller bildfr\u00e5gorna om trafiksituationer. Alla \u00f6vningar fungerar med telefon, pekplatta och dator.\u00a0 \u00a0<br \/><br \/>V\u00e4lj f\u00f6rst \u00f6vningstyp. D\u00e4refter f\u00e5r du noggrannare anvisningar f\u00f6r den \u00f6vning du valt.<\/div>\r\n<h1><span style=\"color: #ffffff;\"><strong>uloa ajokorttiluokan C teoriakoeharjoituksiin!<\/strong><\/span><\/h1>\r\n<p><span style=\"color: #ffffff;\">\r\n\r\n<\/span><\/p>\r\n<p><span style=\"color: #ffffff;\">Harjoitusten tavoitteena on kerrata ja syvent\u00e4\u00e4 teoriaopetuksessa oppimaasi ja siten auttaa Sinua l\u00e4p\u00e4isem\u00e4\u00e4n Ajovarmalla suoritettava teoriakoe. Saat siihen hyv\u00e4t valmiudet harjoittelemalla rakenteeltaan ja sis\u00e4ll\u00f6lt\u00e4\u00e4n vastaavilla harjoitusteoriakokeilla. Voit my\u00f6s harjoitella erikseen harjoitusteoriakokeen sis\u00e4lt\u00e4mi\u00e4 luokkakohtaisia monivalintakysymyksi\u00e4 tai kuvakysymyksi\u00e4 liikennetilanteista. Kaikki harjoitukset toimivat puhelimella, tabletilla ja tietokoneella.<\/span><\/p>\r\n<p><span style=\"color: #ffffff;\">\r\n\r\n<\/span><\/p>\r\n<p><span style=\"color: #ffffff;\">Valitse ensin harjoitustyyppi. Sen j\u00e4lkeen saat valitsemaasi harjoitusta koskevat tarkemmat ohjeet.<\/span><\/p>\r\n","protected":false},"excerpt":{"rendered":"<p>teoriprovs\u00f6vningarna f\u00f6r k\u00f6rkortskategori C<\/p>\n","protected":false},"featured_media":45015,"template":"","meta":{"om_disable_all_campaigns":false},"product_cat":[1115],"product_tag":[],"aioseo_notices":[],"jetpack_sharing_enabled":true,"_links":{"self":[{"href":"https:\/\/opit.kuljettaja.fi\/sv\/wp-json\/wp\/v2\/product\/40271"}],"collection":[{"href":"https:\/\/opit.kuljettaja.fi\/sv\/wp-json\/wp\/v2\/product"}],"about":[{"href":"https:\/\/opit.kuljettaja.fi\/sv\/wp-json\/wp\/v2\/types\/product"}],"wp:featuredmedia":[{"embeddable":true,"href":"https:\/\/opit.kuljettaja.fi\/sv\/wp-json\/wp\/v2\/media\/45015"}],"wp:attachment":[{"href":"https:\/\/opit.kuljettaja.fi\/sv\/wp-json\/wp\/v2\/media?parent=40271"}],"wp:term":[{"taxonomy":"product_cat","embeddable":true,"href":"https:\/\/opit.kuljettaja.fi\/sv\/wp-json\/wp\/v2\/product_cat?post=40271"},{"taxonomy":"product_tag","embeddable":true,"href":"https:\/\/opit.kuljettaja.fi\/sv\/wp-json\/wp\/v2\/product_tag?post=40271"}],"curies":[{"name":"wp","href":"https:\/\/api.w.org\/{rel}","templated":true}]}}